{"id":231,"date":"2020-12-24T01:29:26","date_gmt":"2020-12-24T06:29:26","guid":{"rendered":"https:\/\/montarquitectos.com\/?page_id=231"},"modified":"2021-01-19T16:50:09","modified_gmt":"2021-01-19T21:50:09","slug":"ufo-2","status":"publish","type":"page","link":"https:\/\/montarquitectos.com\/index.php\/ufo-2\/","title":{"rendered":"UFO"},"content":{"rendered":"<div class=\"wpb-content-wrapper\">[vc_row][vc_column][vc_empty_space height=&#8221;100px&#8221;][\/vc_column][\/vc_row][vc_row][vc_column][vc_column_text el_class=&#8221;titulo-fotos-proyecto&#8221;]\n<h2>UFO<\/h2>\n[\/vc_column_text][\/vc_column][\/vc_row][vc_row][vc_column]<style type=\"text\/css\" data-type=\"the7_shortcodes-inline-css\">#default-btn-45c6147511e2b4dd897e7e81906d6940.ico-right-side > i {\n  margin-right: 0px;\n  margin-left: 8px;\n}\n#default-btn-45c6147511e2b4dd897e7e81906d6940 > i {\n  margin-right: 8px;\n}\n<\/style><div class=\"btn-align-right\"><a href=\"http:\/\/www.montarquitectos.com\/#proyectos\" class=\"default-btn-shortcode dt-btn dt-btn-s link-hover-off volver \" id=\"default-btn-45c6147511e2b4dd897e7e81906d6940\" title=\"INICIO\"><span>Volver<\/span><\/a><\/div>[vc_empty_space height=&#8221;40px&#8221;][\/vc_column][\/vc_row][vc_row full_width=&#8221;stretch_row&#8221; css=&#8221;.vc_custom_1610503823462{background-image: url(https:\/\/montarquitectos.com\/wp-content\/uploads\/2021\/01\/fondo-galeria-pequeno.png?id=397) !important;background-position: center !important;background-repeat: no-repeat !important;background-size: cover !important;}&#8221;][vc_column][vc_row_inner][vc_column_inner]<style type=\"text\/css\" data-type=\"the7_shortcodes-inline-css\">.gallery-shortcode.gallery-masonry-shortcode-id-ff148d3df11ceb971f4f98a59d35e7aa figure,\n.gallery-shortcode.gallery-masonry-shortcode-id-ff148d3df11ceb971f4f98a59d35e7aa .rollover,\n.gallery-shortcode.gallery-masonry-shortcode-id-ff148d3df11ceb971f4f98a59d35e7aa img,\n.gallery-shortcode.gallery-masonry-shortcode-id-ff148d3df11ceb971f4f98a59d35e7aa .gallery-rollover {\n  border-radius: 0px;\n}\n.gallery-shortcode.gallery-masonry-shortcode-id-ff148d3df11ceb971f4f98a59d35e7aa.enable-bg-rollover .gallery-rollover {\n  background: -webkit-linear-gradient();\n  background: linear-gradient();\n}\n.gallery-shortcode.gallery-masonry-shortcode-id-ff148d3df11ceb971f4f98a59d35e7aa.enable-bg-rollover.hover-scale figure .rollover:after {\n  background: -webkit-linear-gradient();\n  background: linear-gradient();\n}\n.gallery-shortcode.gallery-masonry-shortcode-id-ff148d3df11ceb971f4f98a59d35e7aa .gallery-zoom-ico {\n  width: 44px;\n  height: 44px;\n  line-height: 44px;\n  border-radius: 100px;\n  margin: -22px 0 0 -22px;\n  border-width: 0px;\n  color: #ffffff;\n}\n.dt-icon-bg-on.gallery-shortcode.gallery-masonry-shortcode-id-ff148d3df11ceb971f4f98a59d35e7aa .gallery-zoom-ico {\n  background: rgba(255,255,255,0.3);\n  box-shadow: none;\n}\n.gallery-shortcode.gallery-masonry-shortcode-id-ff148d3df11ceb971f4f98a59d35e7aa .gallery-zoom-ico:before,\n.gallery-shortcode.gallery-masonry-shortcode-id-ff148d3df11ceb971f4f98a59d35e7aa .gallery-zoom-ico span {\n  font-size: 32px;\n  line-height: 44px;\n  color: #ffffff;\n}\n.gallery-shortcode.gallery-masonry-shortcode-id-ff148d3df11ceb971f4f98a59d35e7aa:not(.resize-by-browser-width) .dt-css-grid {\n  grid-row-gap: 10px;\n  grid-column-gap: 10px;\n  grid-template-columns: repeat(auto-fill,minmax(,1fr));\n}\n.gallery-shortcode.gallery-masonry-shortcode-id-ff148d3df11ceb971f4f98a59d35e7aa:not(.resize-by-browser-width) .dt-css-grid .double-width {\n  grid-column: span 2;\n}\n.cssgridlegacy.no-cssgrid .gallery-shortcode.gallery-masonry-shortcode-id-ff148d3df11ceb971f4f98a59d35e7aa:not(.resize-by-browser-width) .dt-css-grid,\n.no-cssgridlegacy.no-cssgrid .gallery-shortcode.gallery-masonry-shortcode-id-ff148d3df11ceb971f4f98a59d35e7aa:not(.resize-by-browser-width) .dt-css-grid {\n  display: flex;\n  flex-flow: row wrap;\n  margin: -5px;\n}\n.cssgridlegacy.no-cssgrid .gallery-shortcode.gallery-masonry-shortcode-id-ff148d3df11ceb971f4f98a59d35e7aa:not(.resize-by-browser-width) .dt-css-grid .wf-cell,\n.no-cssgridlegacy.no-cssgrid .gallery-shortcode.gallery-masonry-shortcode-id-ff148d3df11ceb971f4f98a59d35e7aa:not(.resize-by-browser-width) .dt-css-grid .wf-cell {\n  flex: 1 0 ;\n  max-width: 100%;\n  padding: 5px;\n  box-sizing: border-box;\n}\n.gallery-shortcode.gallery-masonry-shortcode-id-ff148d3df11ceb971f4f98a59d35e7aa.resize-by-browser-width .dt-css-grid {\n  grid-template-columns: repeat(3,1fr);\n  grid-template-rows: auto;\n  grid-column-gap: 10px;\n  grid-row-gap: 10px;\n}\n.gallery-shortcode.gallery-masonry-shortcode-id-ff148d3df11ceb971f4f98a59d35e7aa.resize-by-browser-width .dt-css-grid .double-width {\n  grid-column: span 2;\n}\n.cssgridlegacy.no-cssgrid .gallery-shortcode.gallery-masonry-shortcode-id-ff148d3df11ceb971f4f98a59d35e7aa.resize-by-browser-width .dt-css-grid {\n  margin: -5px;\n}\n.cssgridlegacy.no-cssgrid .gallery-shortcode.gallery-masonry-shortcode-id-ff148d3df11ceb971f4f98a59d35e7aa.resize-by-browser-width .dt-css-grid .wf-cell {\n  width: 33.333333333333%;\n  padding: 5px;\n}\n.cssgridlegacy.no-cssgrid .gallery-shortcode.gallery-masonry-shortcode-id-ff148d3df11ceb971f4f98a59d35e7aa.resize-by-browser-width .dt-css-grid .wf-cell.double-width {\n  width: calc(33.333333333333%) * 2;\n}\n.gallery-shortcode.gallery-masonry-shortcode-id-ff148d3df11ceb971f4f98a59d35e7aa.resize-by-browser-width:not(.centered-layout-list):not(.content-bg-on) .dt-css-grid {\n  grid-row-gap: 10px - ;\n}\n@media screen and (max-width: 1199px) {\n  .gallery-shortcode.gallery-masonry-shortcode-id-ff148d3df11ceb971f4f98a59d35e7aa.resize-by-browser-width .dt-css-grid {\n    grid-template-columns: repeat(3,1fr);\n  }\n  .cssgridlegacy.no-cssgrid .gallery-shortcode.gallery-masonry-shortcode-id-ff148d3df11ceb971f4f98a59d35e7aa.resize-by-browser-width .dt-css-grid .wf-cell,\n  .no-cssgridlegacy.no-cssgrid .gallery-shortcode.gallery-masonry-shortcode-id-ff148d3df11ceb971f4f98a59d35e7aa.resize-by-browser-width .dt-css-grid .wf-cell {\n    width: 33.333333333333%;\n  }\n  .cssgridlegacy.no-cssgrid .gallery-shortcode.gallery-masonry-shortcode-id-ff148d3df11ceb971f4f98a59d35e7aa.resize-by-browser-width .dt-css-grid .wf-cell.double-width,\n  .no-cssgridlegacy.no-cssgrid .gallery-shortcode.gallery-masonry-shortcode-id-ff148d3df11ceb971f4f98a59d35e7aa.resize-by-browser-width .dt-css-grid .wf-cell.double-width {\n    width: calc(33.333333333333%)*2;\n  }\n}\n@media screen and (max-width: 991px) {\n  .gallery-shortcode.gallery-masonry-shortcode-id-ff148d3df11ceb971f4f98a59d35e7aa.resize-by-browser-width .dt-css-grid {\n    grid-template-columns: repeat(2,1fr);\n  }\n  .cssgridlegacy.no-cssgrid .gallery-shortcode.gallery-masonry-shortcode-id-ff148d3df11ceb971f4f98a59d35e7aa.resize-by-browser-width .dt-css-grid .wf-cell,\n  .no-cssgridlegacy.no-cssgrid .gallery-shortcode.gallery-masonry-shortcode-id-ff148d3df11ceb971f4f98a59d35e7aa.resize-by-browser-width .dt-css-grid .wf-cell {\n    width: 50%;\n  }\n  .cssgridlegacy.no-cssgrid .gallery-shortcode.gallery-masonry-shortcode-id-ff148d3df11ceb971f4f98a59d35e7aa.resize-by-browser-width .dt-css-grid .wf-cell.double-width,\n  .no-cssgridlegacy.no-cssgrid .gallery-shortcode.gallery-masonry-shortcode-id-ff148d3df11ceb971f4f98a59d35e7aa.resize-by-browser-width .dt-css-grid .wf-cell.double-width {\n    width: calc(50%)*2;\n  }\n}\n@media screen and (max-width: 767px) {\n  .gallery-shortcode.gallery-masonry-shortcode-id-ff148d3df11ceb971f4f98a59d35e7aa.resize-by-browser-width .dt-css-grid {\n    grid-template-columns: repeat(1,1fr);\n  }\n  .cssgridlegacy.no-cssgrid .gallery-shortcode.gallery-masonry-shortcode-id-ff148d3df11ceb971f4f98a59d35e7aa.resize-by-browser-width .dt-css-grid .wf-cell,\n  .no-cssgridlegacy.no-cssgrid .gallery-shortcode.gallery-masonry-shortcode-id-ff148d3df11ceb971f4f98a59d35e7aa.resize-by-browser-width .dt-css-grid .wf-cell {\n    width: 100%;\n  }\n  .cssgridlegacy.no-cssgrid .gallery-shortcode.gallery-masonry-shortcode-id-ff148d3df11ceb971f4f98a59d35e7aa.resize-by-browser-width .dt-css-grid .wf-cell.double-width,\n  .no-cssgridlegacy.no-cssgrid .gallery-shortcode.gallery-masonry-shortcode-id-ff148d3df11ceb971f4f98a59d35e7aa.resize-by-browser-width .dt-css-grid .wf-cell.double-width {\n    width: calc(100%)*2;\n  }\n}\n<\/style><div class=\"gallery-shortcode dt-gallery-container gallery-masonry-shortcode-id-ff148d3df11ceb971f4f98a59d35e7aa mode-grid jquery-filter dt-icon-bg-off quick-scale-img dt-css-grid-wrap enable-bg-rollover resize-by-browser-width  hover-fade loading-effect-none description-on-hover\" data-padding=\"5px\" data-cur-page=\"1\" data-post-limit=\"-1\" data-pagination-mode=\"none\" data-desktop-columns-num=\"3\" data-v-tablet-columns-num=\"2\" data-h-tablet-columns-num=\"3\" data-phone-columns-num=\"1\" data-width=\"0px\" data-columns=\"0\"><div class=\"dt-css-grid\" ><div class=\"wf-cell\" data-post-id=\"232\" data-date=\"2020-12-24T01:28:13-05:00\" data-name=\"\"><figure class=\"post visible\"><a href=\"https:\/\/montarquitectos.com\/wp-content\/uploads\/2020\/12\/UFO-1-scaled.jpg\" class=\"rollover dt-pswp-item layzr-bg\" data-large_image_width=\"2560\" data-large_image_height=\"1898\" data-dt-img-description=\"\" ><img fetchpriority=\"high\" decoding=\"async\" class=\"preload-me iso-lazy-load aspect\" src=\"data:image\/svg+xml,%3Csvg%20xmlns%3D&#39;http%3A%2F%2Fwww.w3.org%2F2000%2Fsvg&#39;%20viewBox%3D&#39;0%200%20768%20569&#39;%2F%3E\" data-src=\"https:\/\/montarquitectos.com\/wp-content\/uploads\/2020\/12\/UFO-1-scaled-768x569.jpg\" data-srcset=\"https:\/\/montarquitectos.com\/wp-content\/uploads\/2020\/12\/UFO-1-scaled-768x569.jpg 768w, https:\/\/montarquitectos.com\/wp-content\/uploads\/2020\/12\/UFO-1-scaled-1152x854.jpg 1152w\" loading=\"eager\" style=\"--ratio: 768 \/ 569\" sizes=\"(max-width: 768px) 100vw, 768px\" alt=\"\" width=\"768\" height=\"569\"  \/><span class=\"gallery-rollover\"><span class=\"gallery-zoom-ico icomoon-the7-font-the7-zoom-06\"><span><\/span><\/span><\/span><\/a><\/figure><\/div><div class=\"wf-cell\" data-post-id=\"233\" data-date=\"2020-12-24T01:28:26-05:00\" data-name=\"\"><figure class=\"post visible\"><a href=\"https:\/\/montarquitectos.com\/wp-content\/uploads\/2020\/12\/UFO-2-scaled.jpg\" class=\"rollover dt-pswp-item layzr-bg\" data-large_image_width=\"2560\" data-large_image_height=\"1700\" data-dt-img-description=\"\" ><img decoding=\"async\" class=\"preload-me iso-lazy-load aspect\" src=\"data:image\/svg+xml,%3Csvg%20xmlns%3D&#39;http%3A%2F%2Fwww.w3.org%2F2000%2Fsvg&#39;%20viewBox%3D&#39;0%200%20768%20510&#39;%2F%3E\" data-src=\"https:\/\/montarquitectos.com\/wp-content\/uploads\/2020\/12\/UFO-2-scaled-768x510.jpg\" data-srcset=\"https:\/\/montarquitectos.com\/wp-content\/uploads\/2020\/12\/UFO-2-scaled-768x510.jpg 768w, https:\/\/montarquitectos.com\/wp-content\/uploads\/2020\/12\/UFO-2-scaled-1152x765.jpg 1152w\" loading=\"eager\" style=\"--ratio: 768 \/ 510\" sizes=\"(max-width: 768px) 100vw, 768px\" alt=\"\" width=\"768\" height=\"510\"  \/><span class=\"gallery-rollover\"><span class=\"gallery-zoom-ico icomoon-the7-font-the7-zoom-06\"><span><\/span><\/span><\/span><\/a><\/figure><\/div><div class=\"wf-cell\" data-post-id=\"234\" data-date=\"2020-12-24T01:28:37-05:00\" data-name=\"\"><figure class=\"post visible\"><a href=\"https:\/\/montarquitectos.com\/wp-content\/uploads\/2020\/12\/UFO-3-scaled.jpg\" class=\"rollover dt-pswp-item layzr-bg\" data-large_image_width=\"2560\" data-large_image_height=\"1700\" data-dt-img-description=\"\" ><img decoding=\"async\" class=\"preload-me iso-lazy-load aspect\" src=\"data:image\/svg+xml,%3Csvg%20xmlns%3D&#39;http%3A%2F%2Fwww.w3.org%2F2000%2Fsvg&#39;%20viewBox%3D&#39;0%200%20768%20510&#39;%2F%3E\" data-src=\"https:\/\/montarquitectos.com\/wp-content\/uploads\/2020\/12\/UFO-3-scaled-768x510.jpg\" data-srcset=\"https:\/\/montarquitectos.com\/wp-content\/uploads\/2020\/12\/UFO-3-scaled-768x510.jpg 768w, https:\/\/montarquitectos.com\/wp-content\/uploads\/2020\/12\/UFO-3-scaled-1152x765.jpg 1152w\" loading=\"eager\" style=\"--ratio: 768 \/ 510\" sizes=\"(max-width: 768px) 100vw, 768px\" alt=\"\" width=\"768\" height=\"510\"  \/><span class=\"gallery-rollover\"><span class=\"gallery-zoom-ico icomoon-the7-font-the7-zoom-06\"><span><\/span><\/span><\/span><\/a><\/figure><\/div><div class=\"wf-cell\" data-post-id=\"235\" data-date=\"2020-12-24T01:28:49-05:00\" data-name=\"\"><figure class=\"post visible\"><a href=\"https:\/\/montarquitectos.com\/wp-content\/uploads\/2020\/12\/UFO-4-scaled.jpg\" class=\"rollover dt-pswp-item layzr-bg\" data-large_image_width=\"2560\" data-large_image_height=\"1700\" data-dt-img-description=\"\" ><img decoding=\"async\" class=\"preload-me iso-lazy-load aspect\" src=\"data:image\/svg+xml,%3Csvg%20xmlns%3D&#39;http%3A%2F%2Fwww.w3.org%2F2000%2Fsvg&#39;%20viewBox%3D&#39;0%200%20768%20510&#39;%2F%3E\" data-src=\"https:\/\/montarquitectos.com\/wp-content\/uploads\/2020\/12\/UFO-4-scaled-768x510.jpg\" data-srcset=\"https:\/\/montarquitectos.com\/wp-content\/uploads\/2020\/12\/UFO-4-scaled-768x510.jpg 768w, https:\/\/montarquitectos.com\/wp-content\/uploads\/2020\/12\/UFO-4-scaled-1152x765.jpg 1152w\" loading=\"eager\" style=\"--ratio: 768 \/ 510\" sizes=\"(max-width: 768px) 100vw, 768px\" alt=\"\" width=\"768\" height=\"510\"  \/><span class=\"gallery-rollover\"><span class=\"gallery-zoom-ico icomoon-the7-font-the7-zoom-06\"><span><\/span><\/span><\/span><\/a><\/figure><\/div><div class=\"wf-cell\" data-post-id=\"236\" data-date=\"2020-12-24T01:29:03-05:00\" data-name=\"\"><figure class=\"post visible\"><a href=\"https:\/\/montarquitectos.com\/wp-content\/uploads\/2020\/12\/UFO-5-scaled.jpg\" class=\"rollover dt-pswp-item layzr-bg\" data-large_image_width=\"2560\" data-large_image_height=\"1700\" data-dt-img-description=\"\" ><img decoding=\"async\" class=\"preload-me iso-lazy-load aspect\" src=\"data:image\/svg+xml,%3Csvg%20xmlns%3D&#39;http%3A%2F%2Fwww.w3.org%2F2000%2Fsvg&#39;%20viewBox%3D&#39;0%200%20768%20510&#39;%2F%3E\" data-src=\"https:\/\/montarquitectos.com\/wp-content\/uploads\/2020\/12\/UFO-5-scaled-768x510.jpg\" data-srcset=\"https:\/\/montarquitectos.com\/wp-content\/uploads\/2020\/12\/UFO-5-scaled-768x510.jpg 768w, https:\/\/montarquitectos.com\/wp-content\/uploads\/2020\/12\/UFO-5-scaled-1152x765.jpg 1152w\" loading=\"eager\" style=\"--ratio: 768 \/ 510\" sizes=\"(max-width: 768px) 100vw, 768px\" alt=\"\" width=\"768\" height=\"510\"  \/><span class=\"gallery-rollover\"><span class=\"gallery-zoom-ico icomoon-the7-font-the7-zoom-06\"><span><\/span><\/span><\/span><\/a><\/figure><\/div><\/div><!-- iso-container|iso-grid --><\/div>[vc_column_text el_class=&#8221;parrafo-proyectos&#8221;]\n<p style=\"text-align: center;\">Marca chilena que tuvo como principal reto mantener el standard est\u00e9tico de su tienda en Lima, con nuevos recursos del mercado nacional respetando la normativa del centro comercial. Tanto el dise\u00f1o como la gesti\u00f3n intermediaria son logros que se evidencian el car\u00e1cter de nuestro trabajo.<\/p>\n[\/vc_column_text][\/vc_column_inner][\/vc_row_inner][\/vc_column][\/vc_row][vc_row][vc_column][vc_empty_space height=&#8221;40px&#8221;][\/vc_column][\/vc_row][vc_row full_width=&#8221;stretch_row_content&#8221; content_placement=&#8221;bottom&#8221; el_id=&#8221;suscribirse&#8221; css=&#8221;.vc_custom_1610550305496{background-image: url(https:\/\/montarquitectos.com\/wp-content\/uploads\/2020\/12\/suscribete-fondo.jpg?id=280) !important;}&#8221;][vc_column][vc_empty_space height=&#8221;130px&#8221;]\n<div class=\"wpcf7 no-js\" id=\"wpcf7-f96-o1\" lang=\"es-PE\" dir=\"ltr\" data-wpcf7-id=\"96\">\n<div class=\"screen-reader-response\"><p role=\"status\" aria-live=\"polite\" aria-atomic=\"true\"><\/p> <ul><\/ul><\/div>\n<form action=\"\/index.php\/wp-json\/wp\/v2\/pages\/231#wpcf7-f96-o1\" method=\"post\" class=\"wpcf7-form init\" aria-label=\"Contact form\" novalidate=\"novalidate\" data-status=\"init\">\n<fieldset class=\"hidden-fields-container\"><input type=\"hidden\" name=\"_wpcf7\" value=\"96\" \/><input type=\"hidden\" name=\"_wpcf7_version\" value=\"6.1.1\" \/><input type=\"hidden\" name=\"_wpcf7_locale\" value=\"es_PE\" \/><input type=\"hidden\" name=\"_wpcf7_unit_tag\" value=\"wpcf7-f96-o1\" \/><input type=\"hidden\" name=\"_wpcf7_container_post\" value=\"0\" \/><input type=\"hidden\" name=\"_wpcf7_posted_data_hash\" value=\"\" \/>\n<\/fieldset>\n<div class=\"suscribir-contenedor\">\n\t<div class=\"suscribir\">\n\t\t<p><label> DESARROLLA TU PROYECTO<br \/>\nCON NOSOTROS <\/label>\n\t\t<\/p>\n\t\t<p><span class=\"wpcf7-form-control-wrap\" data-name=\"your-email\"><input size=\"40\" maxlength=\"400\" class=\"wpcf7-form-control wpcf7-email wpcf7-validates-as-required wpcf7-text wpcf7-validates-as-email\" aria-required=\"true\" aria-invalid=\"false\" placeholder=\"Ingresa tu correo\" value=\"\" type=\"email\" name=\"your-email\" \/><\/span>\n\t\t<\/p>\n\t\t<p><input class=\"wpcf7-form-control wpcf7-submit has-spinner\" type=\"submit\" value=\"ENVIAR\" \/>\n\t\t<\/p>\n\t<\/div>\n<\/div><div class=\"wpcf7-response-output\" aria-hidden=\"true\"><\/div>\n<\/form>\n<\/div>\n[vc_empty_space height=&#8221;130px&#8221;][vc_row_inner content_placement=&#8221;bottom&#8221;][vc_column_inner width=&#8221;1\/3&#8243;][vc_column_text css_animation=&#8221;none&#8221; el_class=&#8221;prueba&#8221;]<img decoding=\"async\" class=\"size-full wp-image-1301 alignleft\" src=\"https:\/\/montarquitectos.com\/wp-content\/uploads\/2021\/01\/img-logo.svg\" alt=\"\" \/><a href=\"#\">DIRECCI\u00d3N:<br \/>\nAv. Arequipa 4334 dep 602 Miraflores<\/a>[\/vc_column_text][\/vc_column_inner][vc_column_inner width=&#8221;1\/3&#8243;][vc_column_text el_class=&#8221;prueba&#8221;]<img decoding=\"async\" class=\"size-full wp-image-1301 alignleft\" src=\"https:\/\/montarquitectos.com\/wp-content\/uploads\/2021\/01\/img-logo.svg\" alt=\"\" \/><a href=\"#\">TEL\u00c9FONOS:<br \/>\n(051) 997 353 815<\/a>[\/vc_column_text][\/vc_column_inner][vc_column_inner width=&#8221;1\/3&#8243;][vc_column_text css_animation=&#8221;none&#8221; el_class=&#8221;prueba&#8221;]<img decoding=\"async\" class=\"size-full wp-image-1301 alignleft\" src=\"https:\/\/montarquitectos.com\/wp-content\/uploads\/2021\/01\/img-logo.svg\" alt=\"\" \/><a href=\"mailto:info@montarquitectos.com\">CORREO:<br \/>\ninfo@montarquitectos.com<\/a>[\/vc_column_text][\/vc_column_inner][\/vc_row_inner][\/vc_column][\/vc_row]\n<\/div>","protected":false},"excerpt":{"rendered":"<p>[vc_row][vc_column][vc_empty_space height=&#8221;100px&#8221;][\/vc_column][\/vc_row][vc_row][vc_column][vc_column_text el_class=&#8221;titulo-fotos-proyecto&#8221;] UFO [\/vc_column_text][\/vc_column][\/vc_row][vc_row][vc_column][vc_empty_space height=&#8221;40px&#8221;][\/vc_column][\/vc_row][vc_row full_width=&#8221;stretch_row&#8221; css=&#8221;.vc_custom_1610503823462{background-image: url(https:\/\/montarquitectos.com\/wp-content\/uploads\/2021\/01\/fondo-galeria-pequeno.png?id=397) !important;background-position: center !important;background-repeat: no-repeat !important;background-size: cover !important;}&#8221;][vc_column][vc_row_inner][vc_column_inner][vc_column_text el_class=&#8221;parrafo-proyectos&#8221;] Marca chilena que tuvo como principal reto mantener el standard est\u00e9tico de su tienda en Lima, con nuevos recursos del mercado nacional respetando la normativa del centro comercial. Tanto el dise\u00f1o como la gesti\u00f3n intermediaria son logros que&hellip;<\/p>\n","protected":false},"author":1,"featured_media":0,"parent":0,"menu_order":0,"comment_status":"closed","ping_status":"closed","template":"","meta":{"inline_featured_image":false,"footnotes":""},"class_list":["post-231","page","type-page","status-publish","hentry","description-off"],"_links":{"self":[{"href":"https:\/\/montarquitectos.com\/index.php\/wp-json\/wp\/v2\/pages\/231","targetHints":{"allow":["GET"]}}],"collection":[{"href":"https:\/\/montarquitectos.com\/index.php\/wp-json\/wp\/v2\/pages"}],"about":[{"href":"https:\/\/montarquitectos.com\/index.php\/wp-json\/wp\/v2\/types\/page"}],"author":[{"embeddable":true,"href":"https:\/\/montarquitectos.com\/index.php\/wp-json\/wp\/v2\/users\/1"}],"replies":[{"embeddable":true,"href":"https:\/\/montarquitectos.com\/index.php\/wp-json\/wp\/v2\/comments?post=231"}],"version-history":[{"count":8,"href":"https:\/\/montarquitectos.com\/index.php\/wp-json\/wp\/v2\/pages\/231\/revisions"}],"predecessor-version":[{"id":717,"href":"https:\/\/montarquitectos.com\/index.php\/wp-json\/wp\/v2\/pages\/231\/revisions\/717"}],"wp:attachment":[{"href":"https:\/\/montarquitectos.com\/index.php\/wp-json\/wp\/v2\/media?parent=231"}],"curies":[{"name":"wp","href":"https:\/\/api.w.org\/{rel}","templated":true}]}}